{"id":1350,"date":"2022-10-25T12:39:34","date_gmt":"2022-10-25T09:39:34","guid":{"rendered":"http:\/\/artacco.ee\/?page_id=1350"},"modified":"2022-10-25T12:39:34","modified_gmt":"2022-10-25T09:39:34","slug":"2020-2","status":"publish","type":"page","link":"http:\/\/www.artacco.ee\/?page_id=1350","title":{"rendered":"2020"},"content":{"rendered":"<p>Plakatid:<\/p>\n\n\t\t<div id='gallery-1' class='gallery galleryid-1350 gallery-columns-5 gallery-size-thumbnail gallery-link-file'><figure class='gallery-item'>\n\t\t\t<span class='gallery-icon'>\n\t\t\t\t<a rel='attachment' href='http:\/\/www.artacco.ee\/wp-content\/uploads\/2022\/10\/EMTA_TUDENGIPROJEKTID_2020_plakat.jpg'><img loading=\"lazy\" decoding=\"async\" width=\"150\" height=\"150\" src=\"http:\/\/www.artacco.ee\/wp-content\/uploads\/2022\/10\/EMTA_TUDENGIPROJEKTID_2020_plakat-150x150.jpg\" class=\"attachment-thumbnail size-thumbnail\" alt=\"\" srcset=\"http:\/\/www.artacco.ee\/wp-content\/uploads\/2022\/10\/EMTA_TUDENGIPROJEKTID_2020_plakat-150x150.jpg 150w, http:\/\/www.artacco.ee\/wp-content\/uploads\/2022\/10\/EMTA_TUDENGIPROJEKTID_2020_plakat-432x432.jpg 432w, http:\/\/www.artacco.ee\/wp-content\/uploads\/2022\/10\/EMTA_TUDENGIPROJEKTID_2020_plakat-268x268.jpg 268w\" sizes=\"(max-width: 150px) 100vw, 150px\" \/><\/a>\n\t\t\t<\/span>\n\t\t\t\t<figcaption class='wp-caption-text gallery-caption'>\n\t\t\t\tEMTA tudengiprojektide konkursi plakat\n\t\t\t\t<\/figcaption><\/figure><figure class='gallery-item'>\n\t\t\t<span class='gallery-icon'>\n\t\t\t\t<a rel='attachment' href='http:\/\/www.artacco.ee\/wp-content\/uploads\/2022\/10\/Finaalkontsert-plakatA3.jpg'><img loading=\"lazy\" decoding=\"async\" width=\"150\" height=\"150\" src=\"http:\/\/www.artacco.ee\/wp-content\/uploads\/2022\/10\/Finaalkontsert-plakatA3-150x150.jpg\" class=\"attachment-thumbnail size-thumbnail\" alt=\"\" srcset=\"http:\/\/www.artacco.ee\/wp-content\/uploads\/2022\/10\/Finaalkontsert-plakatA3-150x150.jpg 150w, http:\/\/www.artacco.ee\/wp-content\/uploads\/2022\/10\/Finaalkontsert-plakatA3-432x432.jpg 432w, http:\/\/www.artacco.ee\/wp-content\/uploads\/2022\/10\/Finaalkontsert-plakatA3-268x268.jpg 268w\" sizes=\"(max-width: 150px) 100vw, 150px\" \/><\/a>\n\t\t\t<\/span>\n\t\t\t\t<figcaption class='wp-caption-text gallery-caption'>\n\t\t\t\tLastelaulude konkursi plakat\n\t\t\t\t<\/figcaption><\/figure><figure class='gallery-item'>\n\t\t\t<span class='gallery-icon'>\n\t\t\t\t<a rel='attachment' href='http:\/\/www.artacco.ee\/wp-content\/uploads\/2022\/10\/Kummikukuulutus_veebi.jpg'><img loading=\"lazy\" decoding=\"async\" width=\"150\" height=\"150\" src=\"http:\/\/www.artacco.ee\/wp-content\/uploads\/2022\/10\/Kummikukuulutus_veebi-150x150.jpg\" class=\"attachment-thumbnail size-thumbnail\" alt=\"\" srcset=\"http:\/\/www.artacco.ee\/wp-content\/uploads\/2022\/10\/Kummikukuulutus_veebi-150x150.jpg 150w, http:\/\/www.artacco.ee\/wp-content\/uploads\/2022\/10\/Kummikukuulutus_veebi-432x432.jpg 432w, http:\/\/www.artacco.ee\/wp-content\/uploads\/2022\/10\/Kummikukuulutus_veebi-268x268.jpg 268w\" sizes=\"(max-width: 150px) 100vw, 150px\" \/><\/a>\n\t\t\t<\/span>\n\t\t\t\t<figcaption class='wp-caption-text gallery-caption'>\n\t\t\t\tLastelaulude konkursi eelteate plakat\n\t\t\t\t<\/figcaption><\/figure><figure class='gallery-item'>\n\t\t\t<span class='gallery-icon'>\n\t\t\t\t<a rel='attachment' href='http:\/\/www.artacco.ee\/wp-content\/uploads\/2022\/10\/Nukitsa-konkursi-plakat-2020.jpg'><img loading=\"lazy\" decoding=\"async\" width=\"150\" height=\"150\" src=\"http:\/\/www.artacco.ee\/wp-content\/uploads\/2022\/10\/Nukitsa-konkursi-plakat-2020-150x150.jpg\" class=\"attachment-thumbnail size-thumbnail\" alt=\"\" srcset=\"http:\/\/www.artacco.ee\/wp-content\/uploads\/2022\/10\/Nukitsa-konkursi-plakat-2020-150x150.jpg 150w, http:\/\/www.artacco.ee\/wp-content\/uploads\/2022\/10\/Nukitsa-konkursi-plakat-2020-432x432.jpg 432w, http:\/\/www.artacco.ee\/wp-content\/uploads\/2022\/10\/Nukitsa-konkursi-plakat-2020-268x268.jpg 268w\" sizes=\"(max-width: 150px) 100vw, 150px\" \/><\/a>\n\t\t\t<\/span>\n\t\t\t\t<figcaption class='wp-caption-text gallery-caption'>\n\t\t\t\tLasteraamatute konkursi &#8220;Nukits&#8221; plakat\n\t\t\t\t<\/figcaption><\/figure><figure class='gallery-item'>\n\t\t\t<span class='gallery-icon'>\n\t\t\t\t<a rel='attachment' href='http:\/\/www.artacco.ee\/wp-content\/uploads\/2022\/10\/Aleksander_Iva\u0161kevit\u0161_kontsert_8marts2020_plakat.jpg'><img loading=\"lazy\" decoding=\"async\" width=\"150\" height=\"150\" src=\"http:\/\/www.artacco.ee\/wp-content\/uploads\/2022\/10\/Aleksander_Iva\u0161kevit\u0161_kontsert_8marts2020_plakat-150x150.jpg\" class=\"attachment-thumbnail size-thumbnail\" alt=\"\" srcset=\"http:\/\/www.artacco.ee\/wp-content\/uploads\/2022\/10\/Aleksander_Iva\u0161kevit\u0161_kontsert_8marts2020_plakat-150x150.jpg 150w, http:\/\/www.artacco.ee\/wp-content\/uploads\/2022\/10\/Aleksander_Iva\u0161kevit\u0161_kontsert_8marts2020_plakat-432x432.jpg 432w, http:\/\/www.artacco.ee\/wp-content\/uploads\/2022\/10\/Aleksander_Iva\u0161kevit\u0161_kontsert_8marts2020_plakat-268x268.jpg 268w\" sizes=\"(max-width: 150px) 100vw, 150px\" \/><\/a>\n\t\t\t<\/span>\n\t\t\t\t<figcaption class='wp-caption-text gallery-caption'>\n\t\t\t\tAleksandr Iva\u0161kevit\u0161i kontserdi plakat\n\t\t\t\t<\/figcaption><\/figure><br style=\"clear: both\" \/><figure class='gallery-item'>\n\t\t\t<span class='gallery-icon'>\n\t\t\t\t<a rel='attachment' href='http:\/\/www.artacco.ee\/wp-content\/uploads\/2022\/10\/Iva\u0161kevit\u0161_kontsert_SMAK_29okt2020_plakat.jpg'><img loading=\"lazy\" decoding=\"async\" width=\"150\" height=\"150\" src=\"http:\/\/www.artacco.ee\/wp-content\/uploads\/2022\/10\/Iva\u0161kevit\u0161_kontsert_SMAK_29okt2020_plakat-150x150.jpg\" class=\"attachment-thumbnail size-thumbnail\" alt=\"\" srcset=\"http:\/\/www.artacco.ee\/wp-content\/uploads\/2022\/10\/Iva\u0161kevit\u0161_kontsert_SMAK_29okt2020_plakat-150x150.jpg 150w, http:\/\/www.artacco.ee\/wp-content\/uploads\/2022\/10\/Iva\u0161kevit\u0161_kontsert_SMAK_29okt2020_plakat-432x432.jpg 432w, http:\/\/www.artacco.ee\/wp-content\/uploads\/2022\/10\/Iva\u0161kevit\u0161_kontsert_SMAK_29okt2020_plakat-268x268.jpg 268w\" sizes=\"(max-width: 150px) 100vw, 150px\" \/><\/a>\n\t\t\t<\/span>\n\t\t\t\t<figcaption class='wp-caption-text gallery-caption'>\n\t\t\t\tAleksandr Iva\u0161kevit\u0161i kontserdi plakat\n\t\t\t\t<\/figcaption><\/figure><figure class='gallery-item'>\n\t\t\t<span class='gallery-icon'>\n\t\t\t\t<a rel='attachment' href='http:\/\/www.artacco.ee\/wp-content\/uploads\/2022\/10\/Iva\u0161kevit\u0161_n\u00e4itus_Buduaar_2020-plakat_web.jpg'><img loading=\"lazy\" decoding=\"async\" width=\"150\" height=\"150\" src=\"http:\/\/www.artacco.ee\/wp-content\/uploads\/2022\/10\/Iva\u0161kevit\u0161_n\u00e4itus_Buduaar_2020-plakat_web-150x150.jpg\" class=\"attachment-thumbnail size-thumbnail\" alt=\"\" srcset=\"http:\/\/www.artacco.ee\/wp-content\/uploads\/2022\/10\/Iva\u0161kevit\u0161_n\u00e4itus_Buduaar_2020-plakat_web-150x150.jpg 150w, http:\/\/www.artacco.ee\/wp-content\/uploads\/2022\/10\/Iva\u0161kevit\u0161_n\u00e4itus_Buduaar_2020-plakat_web-432x432.jpg 432w, http:\/\/www.artacco.ee\/wp-content\/uploads\/2022\/10\/Iva\u0161kevit\u0161_n\u00e4itus_Buduaar_2020-plakat_web-268x268.jpg 268w\" sizes=\"(max-width: 150px) 100vw, 150px\" \/><\/a>\n\t\t\t<\/span>\n\t\t\t\t<figcaption class='wp-caption-text gallery-caption'>\n\t\t\t\tAleksandr Iva\u0161kevit\u0161i foton\u00e4ituse plakat\n\t\t\t\t<\/figcaption><\/figure>\n\t\t\t<div class='clear'><\/div>\n\t\t<\/div>\n\n<p>Logod:<\/p>\n\n\t\t<div id='gallery-2' class='gallery galleryid-1350 gallery-columns-5 gallery-size-thumbnail gallery-link-file'><figure class='gallery-item'>\n\t\t\t<span class='gallery-icon'>\n\t\t\t\t<a rel='attachment' href='http:\/\/www.artacco.ee\/wp-content\/uploads\/2022\/10\/Lasterikkuse-V\u00f5lumaailma-logo.jpg'><img loading=\"lazy\" decoding=\"async\" width=\"150\" height=\"150\" src=\"http:\/\/www.artacco.ee\/wp-content\/uploads\/2022\/10\/Lasterikkuse-V\u00f5lumaailma-logo-150x150.jpg\" class=\"attachment-thumbnail size-thumbnail\" alt=\"\" srcset=\"http:\/\/www.artacco.ee\/wp-content\/uploads\/2022\/10\/Lasterikkuse-V\u00f5lumaailma-logo-150x150.jpg 150w, http:\/\/www.artacco.ee\/wp-content\/uploads\/2022\/10\/Lasterikkuse-V\u00f5lumaailma-logo-268x268.jpg 268w\" sizes=\"(max-width: 150px) 100vw, 150px\" \/><\/a>\n\t\t\t<\/span>\n\t\t\t\t<figcaption class='wp-caption-text gallery-caption'>\n\t\t\t\tLastelaulude konkursi logo\n\t\t\t\t<\/figcaption><\/figure><figure class='gallery-item'>\n\t\t\t<span class='gallery-icon'>\n\t\t\t\t<a rel='attachment' href='http:\/\/www.artacco.ee\/wp-content\/uploads\/2022\/10\/OnWork_logo.jpg'><img loading=\"lazy\" decoding=\"async\" width=\"150\" height=\"150\" src=\"http:\/\/www.artacco.ee\/wp-content\/uploads\/2022\/10\/OnWork_logo-150x150.jpg\" class=\"attachment-thumbnail size-thumbnail\" alt=\"\" srcset=\"http:\/\/www.artacco.ee\/wp-content\/uploads\/2022\/10\/OnWork_logo-150x150.jpg 150w, http:\/\/www.artacco.ee\/wp-content\/uploads\/2022\/10\/OnWork_logo-432x432.jpg 432w, http:\/\/www.artacco.ee\/wp-content\/uploads\/2022\/10\/OnWork_logo-268x268.jpg 268w\" sizes=\"(max-width: 150px) 100vw, 150px\" \/><\/a>\n\t\t\t<\/span>\n\t\t\t\t<figcaption class='wp-caption-text gallery-caption'>\n\t\t\t\tKinnisvarahaldusfirma logo\n\t\t\t\t<\/figcaption><\/figure><figure class='gallery-item'>\n\t\t\t<span class='gallery-icon'>\n\t\t\t\t<a rel='attachment' href='http:\/\/www.artacco.ee\/wp-content\/uploads\/2022\/10\/V\u00f5rumaa-Lasterikkad-logo.jpg'><img loading=\"lazy\" decoding=\"async\" width=\"150\" height=\"150\" src=\"http:\/\/www.artacco.ee\/wp-content\/uploads\/2022\/10\/V\u00f5rumaa-Lasterikkad-logo-150x150.jpg\" class=\"attachment-thumbnail size-thumbnail\" alt=\"\" srcset=\"http:\/\/www.artacco.ee\/wp-content\/uploads\/2022\/10\/V\u00f5rumaa-Lasterikkad-logo-150x150.jpg 150w, http:\/\/www.artacco.ee\/wp-content\/uploads\/2022\/10\/V\u00f5rumaa-Lasterikkad-logo-268x268.jpg 268w\" sizes=\"(max-width: 150px) 100vw, 150px\" \/><\/a>\n\t\t\t<\/span>\n\t\t\t\t<figcaption class='wp-caption-text gallery-caption'>\n\t\t\t\tMT\u00dc V\u00f5rumaa Lasterikkad logo\n\t\t\t\t<\/figcaption><\/figure>\n\t\t\t<div class='clear'><\/div>\n\t\t<\/div>\n\n<p>Eesti kaunis kodu 2020 raamat:<\/p>\n\n\t\t<div id='gallery-3' class='gallery galleryid-1350 gallery-columns-5 gallery-size-thumbnail gallery-link-file'><figure class='gallery-item'>\n\t\t\t<span class='gallery-icon'>\n\t\t\t\t<a rel='attachment' href='http:\/\/www.artacco.ee\/wp-content\/uploads\/2022\/10\/Eesti_Kaunis_Kodu_2020_esikaas.jpg'><img loading=\"lazy\" decoding=\"async\" width=\"150\" height=\"150\" src=\"http:\/\/www.artacco.ee\/wp-content\/uploads\/2022\/10\/Eesti_Kaunis_Kodu_2020_esikaas-150x150.jpg\" class=\"attachment-thumbnail size-thumbnail\" alt=\"\" srcset=\"http:\/\/www.artacco.ee\/wp-content\/uploads\/2022\/10\/Eesti_Kaunis_Kodu_2020_esikaas-150x150.jpg 150w, http:\/\/www.artacco.ee\/wp-content\/uploads\/2022\/10\/Eesti_Kaunis_Kodu_2020_esikaas-432x432.jpg 432w, http:\/\/www.artacco.ee\/wp-content\/uploads\/2022\/10\/Eesti_Kaunis_Kodu_2020_esikaas-268x268.jpg 268w\" sizes=\"(max-width: 150px) 100vw, 150px\" \/><\/a>\n\t\t\t<\/span><\/figure><figure class='gallery-item'>\n\t\t\t<span class='gallery-icon'>\n\t\t\t\t<a rel='attachment' href='http:\/\/www.artacco.ee\/wp-content\/uploads\/2022\/10\/Eesti_Kaunis_Kodu_2020_1.jpg'><img loading=\"lazy\" decoding=\"async\" width=\"150\" height=\"150\" src=\"http:\/\/www.artacco.ee\/wp-content\/uploads\/2022\/10\/Eesti_Kaunis_Kodu_2020_1-150x150.jpg\" class=\"attachment-thumbnail size-thumbnail\" alt=\"\" srcset=\"http:\/\/www.artacco.ee\/wp-content\/uploads\/2022\/10\/Eesti_Kaunis_Kodu_2020_1-150x150.jpg 150w, http:\/\/www.artacco.ee\/wp-content\/uploads\/2022\/10\/Eesti_Kaunis_Kodu_2020_1-432x432.jpg 432w, http:\/\/www.artacco.ee\/wp-content\/uploads\/2022\/10\/Eesti_Kaunis_Kodu_2020_1-268x268.jpg 268w\" sizes=\"(max-width: 150px) 100vw, 150px\" \/><\/a>\n\t\t\t<\/span><\/figure><figure class='gallery-item'>\n\t\t\t<span class='gallery-icon'>\n\t\t\t\t<a rel='attachment' href='http:\/\/www.artacco.ee\/wp-content\/uploads\/2022\/10\/Eesti_Kaunis_Kodu_2020_2.jpg'><img loading=\"lazy\" decoding=\"async\" width=\"150\" height=\"150\" src=\"http:\/\/www.artacco.ee\/wp-content\/uploads\/2022\/10\/Eesti_Kaunis_Kodu_2020_2-150x150.jpg\" class=\"attachment-thumbnail size-thumbnail\" alt=\"\" srcset=\"http:\/\/www.artacco.ee\/wp-content\/uploads\/2022\/10\/Eesti_Kaunis_Kodu_2020_2-150x150.jpg 150w, http:\/\/www.artacco.ee\/wp-content\/uploads\/2022\/10\/Eesti_Kaunis_Kodu_2020_2-432x432.jpg 432w, http:\/\/www.artacco.ee\/wp-content\/uploads\/2022\/10\/Eesti_Kaunis_Kodu_2020_2-268x268.jpg 268w\" sizes=\"(max-width: 150px) 100vw, 150px\" \/><\/a>\n\t\t\t<\/span><\/figure><figure class='gallery-item'>\n\t\t\t<span class='gallery-icon'>\n\t\t\t\t<a rel='attachment' href='http:\/\/www.artacco.ee\/wp-content\/uploads\/2022\/10\/Eesti_Kaunis_Kodu_2020_3.jpg'><img loading=\"lazy\" decoding=\"async\" width=\"150\" height=\"150\" src=\"http:\/\/www.artacco.ee\/wp-content\/uploads\/2022\/10\/Eesti_Kaunis_Kodu_2020_3-150x150.jpg\" class=\"attachment-thumbnail size-thumbnail\" alt=\"\" srcset=\"http:\/\/www.artacco.ee\/wp-content\/uploads\/2022\/10\/Eesti_Kaunis_Kodu_2020_3-150x150.jpg 150w, http:\/\/www.artacco.ee\/wp-content\/uploads\/2022\/10\/Eesti_Kaunis_Kodu_2020_3-432x432.jpg 432w, http:\/\/www.artacco.ee\/wp-content\/uploads\/2022\/10\/Eesti_Kaunis_Kodu_2020_3-268x268.jpg 268w\" sizes=\"(max-width: 150px) 100vw, 150px\" \/><\/a>\n\t\t\t<\/span><\/figure>\n\t\t\t<div class='clear'><\/div>\n\t\t<\/div>\n\n<p>AkzoNobeli kunstikalender 2021:<\/p>\n\n\t\t<div id='gallery-4' class='gallery galleryid-1350 gallery-columns-5 gallery-size-thumbnail gallery-link-file'><figure class='gallery-item'>\n\t\t\t<span class='gallery-icon'>\n\t\t\t\t<a rel='attachment' href='http:\/\/www.artacco.ee\/wp-content\/uploads\/2022\/10\/AkzoNobeli_kunstikalender_2021_web-1.jpg'><img loading=\"lazy\" decoding=\"async\" width=\"150\" height=\"150\" src=\"http:\/\/www.artacco.ee\/wp-content\/uploads\/2022\/10\/AkzoNobeli_kunstikalender_2021_web-1-150x150.jpg\" class=\"attachment-thumbnail size-thumbnail\" alt=\"\" srcset=\"http:\/\/www.artacco.ee\/wp-content\/uploads\/2022\/10\/AkzoNobeli_kunstikalender_2021_web-1-150x150.jpg 150w, http:\/\/www.artacco.ee\/wp-content\/uploads\/2022\/10\/AkzoNobeli_kunstikalender_2021_web-1-432x432.jpg 432w, http:\/\/www.artacco.ee\/wp-content\/uploads\/2022\/10\/AkzoNobeli_kunstikalender_2021_web-1-268x268.jpg 268w\" sizes=\"(max-width: 150px) 100vw, 150px\" \/><\/a>\n\t\t\t<\/span><\/figure><figure class='gallery-item'>\n\t\t\t<span class='gallery-icon'>\n\t\t\t\t<a rel='attachment' href='http:\/\/www.artacco.ee\/wp-content\/uploads\/2022\/10\/AkzoNobeli_kunstikalender_2021_web-2.jpg'><img loading=\"lazy\" decoding=\"async\" width=\"150\" height=\"150\" src=\"http:\/\/www.artacco.ee\/wp-content\/uploads\/2022\/10\/AkzoNobeli_kunstikalender_2021_web-2-150x150.jpg\" class=\"attachment-thumbnail size-thumbnail\" alt=\"\" srcset=\"http:\/\/www.artacco.ee\/wp-content\/uploads\/2022\/10\/AkzoNobeli_kunstikalender_2021_web-2-150x150.jpg 150w, http:\/\/www.artacco.ee\/wp-content\/uploads\/2022\/10\/AkzoNobeli_kunstikalender_2021_web-2-432x432.jpg 432w, http:\/\/www.artacco.ee\/wp-content\/uploads\/2022\/10\/AkzoNobeli_kunstikalender_2021_web-2-268x268.jpg 268w\" sizes=\"(max-width: 150px) 100vw, 150px\" \/><\/a>\n\t\t\t<\/span><\/figure><figure class='gallery-item'>\n\t\t\t<span class='gallery-icon'>\n\t\t\t\t<a rel='attachment' href='http:\/\/www.artacco.ee\/wp-content\/uploads\/2022\/10\/AkzoNobeli_kunstikalender_2021_web-3.jpg'><img loading=\"lazy\" decoding=\"async\" width=\"150\" height=\"150\" src=\"http:\/\/www.artacco.ee\/wp-content\/uploads\/2022\/10\/AkzoNobeli_kunstikalender_2021_web-3-150x150.jpg\" class=\"attachment-thumbnail size-thumbnail\" alt=\"\" srcset=\"http:\/\/www.artacco.ee\/wp-content\/uploads\/2022\/10\/AkzoNobeli_kunstikalender_2021_web-3-150x150.jpg 150w, http:\/\/www.artacco.ee\/wp-content\/uploads\/2022\/10\/AkzoNobeli_kunstikalender_2021_web-3-432x432.jpg 432w, http:\/\/www.artacco.ee\/wp-content\/uploads\/2022\/10\/AkzoNobeli_kunstikalender_2021_web-3-268x268.jpg 268w\" sizes=\"(max-width: 150px) 100vw, 150px\" \/><\/a>\n\t\t\t<\/span><\/figure><figure class='gallery-item'>\n\t\t\t<span class='gallery-icon'>\n\t\t\t\t<a rel='attachment' href='http:\/\/www.artacco.ee\/wp-content\/uploads\/2022\/10\/AkzoNobeli_kunstikalender_2021_web-4.jpg'><img loading=\"lazy\" decoding=\"async\" width=\"150\" height=\"150\" src=\"http:\/\/www.artacco.ee\/wp-content\/uploads\/2022\/10\/AkzoNobeli_kunstikalender_2021_web-4-150x150.jpg\" class=\"attachment-thumbnail size-thumbnail\" alt=\"\" srcset=\"http:\/\/www.artacco.ee\/wp-content\/uploads\/2022\/10\/AkzoNobeli_kunstikalender_2021_web-4-150x150.jpg 150w, http:\/\/www.artacco.ee\/wp-content\/uploads\/2022\/10\/AkzoNobeli_kunstikalender_2021_web-4-432x432.jpg 432w, http:\/\/www.artacco.ee\/wp-content\/uploads\/2022\/10\/AkzoNobeli_kunstikalender_2021_web-4-268x268.jpg 268w\" sizes=\"(max-width: 150px) 100vw, 150px\" \/><\/a>\n\t\t\t<\/span><\/figure><figure class='gallery-item'>\n\t\t\t<span class='gallery-icon'>\n\t\t\t\t<a rel='attachment' href='http:\/\/www.artacco.ee\/wp-content\/uploads\/2022\/10\/AkzoNobeli_kunstikalender_2021_web-5.jpg'><img loading=\"lazy\" decoding=\"async\" width=\"150\" height=\"150\" src=\"http:\/\/www.artacco.ee\/wp-content\/uploads\/2022\/10\/AkzoNobeli_kunstikalender_2021_web-5-150x150.jpg\" class=\"attachment-thumbnail size-thumbnail\" alt=\"\" srcset=\"http:\/\/www.artacco.ee\/wp-content\/uploads\/2022\/10\/AkzoNobeli_kunstikalender_2021_web-5-150x150.jpg 150w, http:\/\/www.artacco.ee\/wp-content\/uploads\/2022\/10\/AkzoNobeli_kunstikalender_2021_web-5-432x432.jpg 432w, http:\/\/www.artacco.ee\/wp-content\/uploads\/2022\/10\/AkzoNobeli_kunstikalender_2021_web-5-268x268.jpg 268w\" sizes=\"(max-width: 150px) 100vw, 150px\" \/><\/a>\n\t\t\t<\/span><\/figure><br style=\"clear: both\" \/><figure class='gallery-item'>\n\t\t\t<span class='gallery-icon'>\n\t\t\t\t<a rel='attachment' href='http:\/\/www.artacco.ee\/wp-content\/uploads\/2022\/10\/AkzoNobeli_kunstikalender_2021_web-6.jpg'><img loading=\"lazy\" decoding=\"async\" width=\"150\" height=\"150\" src=\"http:\/\/www.artacco.ee\/wp-content\/uploads\/2022\/10\/AkzoNobeli_kunstikalender_2021_web-6-150x150.jpg\" class=\"attachment-thumbnail size-thumbnail\" alt=\"\" srcset=\"http:\/\/www.artacco.ee\/wp-content\/uploads\/2022\/10\/AkzoNobeli_kunstikalender_2021_web-6-150x150.jpg 150w, http:\/\/www.artacco.ee\/wp-content\/uploads\/2022\/10\/AkzoNobeli_kunstikalender_2021_web-6-432x432.jpg 432w, http:\/\/www.artacco.ee\/wp-content\/uploads\/2022\/10\/AkzoNobeli_kunstikalender_2021_web-6-268x268.jpg 268w\" sizes=\"(max-width: 150px) 100vw, 150px\" \/><\/a>\n\t\t\t<\/span><\/figure><figure class='gallery-item'>\n\t\t\t<span class='gallery-icon'>\n\t\t\t\t<a rel='attachment' href='http:\/\/www.artacco.ee\/wp-content\/uploads\/2022\/10\/AkzoNobeli_kunstikalender_2021_web-7.jpg'><img loading=\"lazy\" decoding=\"async\" width=\"150\" height=\"150\" src=\"http:\/\/www.artacco.ee\/wp-content\/uploads\/2022\/10\/AkzoNobeli_kunstikalender_2021_web-7-150x150.jpg\" class=\"attachment-thumbnail size-thumbnail\" alt=\"\" srcset=\"http:\/\/www.artacco.ee\/wp-content\/uploads\/2022\/10\/AkzoNobeli_kunstikalender_2021_web-7-150x150.jpg 150w, http:\/\/www.artacco.ee\/wp-content\/uploads\/2022\/10\/AkzoNobeli_kunstikalender_2021_web-7-432x432.jpg 432w, http:\/\/www.artacco.ee\/wp-content\/uploads\/2022\/10\/AkzoNobeli_kunstikalender_2021_web-7-268x268.jpg 268w\" sizes=\"(max-width: 150px) 100vw, 150px\" \/><\/a>\n\t\t\t<\/span><\/figure><figure class='gallery-item'>\n\t\t\t<span class='gallery-icon'>\n\t\t\t\t<a rel='attachment' href='http:\/\/www.artacco.ee\/wp-content\/uploads\/2022\/10\/AkzoNobeli_kunstikalender_2021_web-8.jpg'><img loading=\"lazy\" decoding=\"async\" width=\"150\" height=\"150\" src=\"http:\/\/www.artacco.ee\/wp-content\/uploads\/2022\/10\/AkzoNobeli_kunstikalender_2021_web-8-150x150.jpg\" class=\"attachment-thumbnail size-thumbnail\" alt=\"\" srcset=\"http:\/\/www.artacco.ee\/wp-content\/uploads\/2022\/10\/AkzoNobeli_kunstikalender_2021_web-8-150x150.jpg 150w, http:\/\/www.artacco.ee\/wp-content\/uploads\/2022\/10\/AkzoNobeli_kunstikalender_2021_web-8-432x432.jpg 432w, http:\/\/www.artacco.ee\/wp-content\/uploads\/2022\/10\/AkzoNobeli_kunstikalender_2021_web-8-268x268.jpg 268w\" sizes=\"(max-width: 150px) 100vw, 150px\" \/><\/a>\n\t\t\t<\/span><\/figure>\n\t\t\t<div class='clear'><\/div>\n\t\t<\/div>\n\n<p>Pakendid:<\/p>\n\n\t\t<div id='gallery-5' class='gallery galleryid-1350 gallery-columns-5 gallery-size-thumbnail gallery-link-file'><figure class='gallery-item'>\n\t\t\t<span class='gallery-icon'>\n\t\t\t\t<a rel='attachment' href='http:\/\/www.artacco.ee\/wp-content\/uploads\/2022\/10\/K\u00d6RT-ja-S\u00c4RK-kaas.jpg'><img loading=\"lazy\" decoding=\"async\" width=\"150\" height=\"150\" src=\"http:\/\/www.artacco.ee\/wp-content\/uploads\/2022\/10\/K\u00d6RT-ja-S\u00c4RK-kaas-150x150.jpg\" class=\"attachment-thumbnail size-thumbnail\" alt=\"\" srcset=\"http:\/\/www.artacco.ee\/wp-content\/uploads\/2022\/10\/K\u00d6RT-ja-S\u00c4RK-kaas-150x150.jpg 150w, http:\/\/www.artacco.ee\/wp-content\/uploads\/2022\/10\/K\u00d6RT-ja-S\u00c4RK-kaas-432x432.jpg 432w, http:\/\/www.artacco.ee\/wp-content\/uploads\/2022\/10\/K\u00d6RT-ja-S\u00c4RK-kaas-268x268.jpg 268w\" sizes=\"(max-width: 150px) 100vw, 150px\" \/><\/a>\n\t\t\t<\/span>\n\t\t\t\t<figcaption class='wp-caption-text gallery-caption'>\n\t\t\t\tKarp H\u00e4\u00e4 Eesti Asi poele\n\t\t\t\t<\/figcaption><\/figure>\n\t\t\t<div class='clear'><\/div>\n\t\t<\/div>\n\n<p>&nbsp;<\/p>\n","protected":false},"excerpt":{"rendered":"<p>Plakatid: Logod: Eesti kaunis kodu 2020 raamat: AkzoNobeli kunstikalender 2021: Pakendid: &nbsp;<\/p>\n","protected":false},"author":1,"featured_media":0,"parent":0,"menu_order":0,"comment_status":"closed","ping_status":"closed","template":"","meta":{"footnotes":""},"class_list":["post-1350","page","type-page","status-publish","hentry","column","onecol"],"_links":{"self":[{"href":"http:\/\/www.artacco.ee\/index.php?rest_route=\/wp\/v2\/pages\/1350"}],"collection":[{"href":"http:\/\/www.artacco.ee\/index.php?rest_route=\/wp\/v2\/pages"}],"about":[{"href":"http:\/\/www.artacco.ee\/index.php?rest_route=\/wp\/v2\/types\/page"}],"author":[{"embeddable":true,"href":"http:\/\/www.artacco.ee\/index.php?rest_route=\/wp\/v2\/users\/1"}],"replies":[{"embeddable":true,"href":"http:\/\/www.artacco.ee\/index.php?rest_route=%2Fwp%2Fv2%2Fcomments&post=1350"}],"version-history":[{"count":3,"href":"http:\/\/www.artacco.ee\/index.php?rest_route=\/wp\/v2\/pages\/1350\/revisions"}],"predecessor-version":[{"id":1377,"href":"http:\/\/www.artacco.ee\/index.php?rest_route=\/wp\/v2\/pages\/1350\/revisions\/1377"}],"wp:attachment":[{"href":"http:\/\/www.artacco.ee\/index.php?rest_route=%2Fwp%2Fv2%2Fmedia&parent=1350"}],"curies":[{"name":"wp","href":"https:\/\/api.w.org\/{rel}","templated":true}]}}