{"id":25,"date":"2014-04-08T13:27:33","date_gmt":"2014-04-08T10:27:33","guid":{"rendered":"http:\/\/www.artacco.ee\/?page_id=25"},"modified":"2014-04-17T13:09:00","modified_gmt":"2014-04-17T10:09:00","slug":"disain","status":"publish","type":"page","link":"http:\/\/www.artacco.ee\/?page_id=25","title":{"rendered":"Disain"},"content":{"rendered":"<p>Olen kujunduskunstnik Marju Pottisep. Firmat tutvustavad tr\u00fckised, \u00fcritustega seotud kujundust\u00f6\u00f6d roll-up b\u00e4nneritest rinnam\u00e4rkideni, plakatid, flaierid, s\u00f6\u00f6gikohtade men\u00fc\u00fcd, raamatud, ajakirjad-ajalehed, tootepakendid, kutsed, aukirjad, postkaardid jms. \u2013 need on teemad, millega oma igap\u00e4evat\u00f6\u00f6s pidevalt tegelen. Enamik neist kujundustest tr\u00fckitakse paberile, aga tihti on olnud tegemist ka\u00a0plastikpakendite, kleebiste, infostendide, mahuliste reklaamt\u00e4htede jms erilahendustega. K\u00fcsi pakkumist, r\u00e4\u00e4gi oma kujundust\u00a0vajava asja eesm\u00e4rkidest\u00a0\u2013\u00a0arutame l\u00e4bi ja j\u00f5uame l\u00f5pplahenduseni!<\/p>\n<p>Olen palju tegelnud ka firmagraafikaga. Alustava ettev\u00f5tte jaoks logo ja visuaalse identiteedi v\u00e4ljat\u00f6\u00f6tamine v\u00f5i siis olemasoleva br\u00e4ndi n\u00e4o uueks loomine on p\u00f5nev \u00fclesanne, mille\u00a0lahendamisel\u00a0olen valmis aitama.<\/p>\n<p>Veebikujunduse osas tegelen kujunduse kavandamisega ja kujunduselementide (staatilised ja gif-b\u00e4nnerid)\u00a0tegemisega, aga kodulehe\u00a0\u00fclesehitamiseks ja programmeerimist\u00f6\u00f6deks tuleb kaasata allhankija.<\/p>\n<p>&nbsp;<\/p>\n","protected":false},"excerpt":{"rendered":"<p>Olen kujunduskunstnik Marju Pottisep. Firmat tutvustavad tr\u00fckised, \u00fcritustega seotud kujundust\u00f6\u00f6d roll-up b\u00e4nneritest rinnam\u00e4rkideni, plakatid, flaierid, s\u00f6\u00f6gikohtade men\u00fc\u00fcd, raamatud, ajakirjad-ajalehed, tootepakendid, kutsed, aukirjad, postkaardid jms. \u2013 need on teemad, millega oma igap\u00e4evat\u00f6\u00f6s pidevalt tegelen. Enamik neist kujundustest tr\u00fckitakse paberile, aga tihti on olnud tegemist ka\u00a0plastikpakendite, kleebiste, infostendide, mahuliste reklaamt\u00e4htede jms erilahendustega. &#8230;<\/p>\n","protected":false},"author":1,"featured_media":0,"parent":0,"menu_order":0,"comment_status":"closed","ping_status":"closed","template":"","meta":{"footnotes":""},"class_list":["post-25","page","type-page","status-publish","hentry","column","onecol"],"_links":{"self":[{"href":"http:\/\/www.artacco.ee\/index.php?rest_route=\/wp\/v2\/pages\/25"}],"collection":[{"href":"http:\/\/www.artacco.ee\/index.php?rest_route=\/wp\/v2\/pages"}],"about":[{"href":"http:\/\/www.artacco.ee\/index.php?rest_route=\/wp\/v2\/types\/page"}],"author":[{"embeddable":true,"href":"http:\/\/www.artacco.ee\/index.php?rest_route=\/wp\/v2\/users\/1"}],"replies":[{"embeddable":true,"href":"http:\/\/www.artacco.ee\/index.php?rest_route=%2Fwp%2Fv2%2Fcomments&post=25"}],"version-history":[{"count":4,"href":"http:\/\/www.artacco.ee\/index.php?rest_route=\/wp\/v2\/pages\/25\/revisions"}],"predecessor-version":[{"id":293,"href":"http:\/\/www.artacco.ee\/index.php?rest_route=\/wp\/v2\/pages\/25\/revisions\/293"}],"wp:attachment":[{"href":"http:\/\/www.artacco.ee\/index.php?rest_route=%2Fwp%2Fv2%2Fmedia&parent=25"}],"curies":[{"name":"wp","href":"https:\/\/api.w.org\/{rel}","templated":true}]}}